{"id":5056,"date":"2024-06-28T16:28:49","date_gmt":"2024-06-28T15:28:49","guid":{"rendered":"https:\/\/billiecup.com\/?page_id=5056"},"modified":"2024-09-25T08:46:34","modified_gmt":"2024-09-25T07:46:34","slug":"politique-de-confidentialite","status":"publish","type":"page","link":"https:\/\/billiecup.com\/fr\/politique-de-confidentialite\/","title":{"rendered":"Politique de Confidentialit\u00e9"},"content":{"rendered":"\t\t<div data-elementor-type=\"wp-page\" data-elementor-id=\"5056\" class=\"elementor elementor-5056\" data-elementor-post-type=\"page\">\n\t\t\t\t\t\t<section class=\"elementor-section elementor-top-section elementor-element elementor-element-4e8072a elementor-section-boxed elementor-section-height-default elementor-section-height-default\" data-id=\"4e8072a\" data-element_type=\"section\" data-settings=\"{&quot;background_background&quot;:&quot;classic&quot;}\">\n\t\t\t\t\t\t<div class=\"elementor-container elementor-column-gap-default\">\n\t\t\t\t\t<div class=\"elementor-column elementor-col-100 elementor-top-column elementor-element elementor-element-0241a2b\" data-id=\"0241a2b\" data-element_type=\"column\">\n\t\t\t<div class=\"elementor-widget-wrap elementor-element-populated\">\n\t\t\t\t\t\t<div class=\"elementor-element elementor-element-cd1f771 elementor-widget elementor-widget-spacer\" data-id=\"cd1f771\" data-element_type=\"widget\" data-widget_type=\"spacer.default\">\n\t\t\t\t<div class=\"elementor-widget-container\">\n\t\t\t<style>\/*! elementor - v3.22.0 - 26-06-2024 *\/\n.elementor-column .elementor-spacer-inner{height:var(--spacer-size)}.e-con{--container-widget-width:100%}.e-con-inner>.elementor-widget-spacer,.e-con>.elementor-widget-spacer{width:var(--container-widget-width,var(--spacer-size));--align-self:var(--container-widget-align-self,initial);--flex-shrink:0}.e-con-inner>.elementor-widget-spacer>.elementor-widget-container,.e-con>.elementor-widget-spacer>.elementor-widget-container{height:100%;width:100%}.e-con-inner>.elementor-widget-spacer>.elementor-widget-container>.elementor-spacer,.e-con>.elementor-widget-spacer>.elementor-widget-container>.elementor-spacer{height:100%}.e-con-inner>.elementor-widget-spacer>.elementor-widget-container>.elementor-spacer>.elementor-spacer-inner,.e-con>.elementor-widget-spacer>.elementor-widget-container>.elementor-spacer>.elementor-spacer-inner{height:var(--container-widget-height,var(--spacer-size))}.e-con-inner>.elementor-widget-spacer.elementor-widget-empty,.e-con>.elementor-widget-spacer.elementor-widget-empty{position:relative;min-height:22px;min-width:22px}.e-con-inner>.elementor-widget-spacer.elementor-widget-empty .elementor-widget-empty-icon,.e-con>.elementor-widget-spacer.elementor-widget-empty .elementor-widget-empty-icon{position:absolute;top:0;bottom:0;left:0;right:0;margin:auto;padding:0;width:22px;height:22px}<\/style>\t\t<div class=\"elementor-spacer\">\n\t\t\t<div class=\"elementor-spacer-inner\"><\/div>\n\t\t<\/div>\n\t\t\t\t<\/div>\n\t\t\t\t<\/div>\n\t\t\t\t<div class=\"elementor-element elementor-element-661522a elementor-widget elementor-widget-heading\" data-id=\"661522a\" data-element_type=\"widget\" data-widget_type=\"heading.default\">\n\t\t\t\t<div class=\"elementor-widget-container\">\n\t\t\t<style>\/*! elementor - v3.22.0 - 26-06-2024 *\/\n.elementor-heading-title{padding:0;margin:0;line-height:1}.elementor-widget-heading .elementor-heading-title[class*=elementor-size-]>a{color:inherit;font-size:inherit;line-height:inherit}.elementor-widget-heading .elementor-heading-title.elementor-size-small{font-size:15px}.elementor-widget-heading .elementor-heading-title.elementor-size-medium{font-size:19px}.elementor-widget-heading .elementor-heading-title.elementor-size-large{font-size:29px}.elementor-widget-heading .elementor-heading-title.elementor-size-xl{font-size:39px}.elementor-widget-heading .elementor-heading-title.elementor-size-xxl{font-size:59px}<\/style><h1 class=\"elementor-heading-title elementor-size-default\">Billie Cup \u00ae : politique de confidentialit\u00e9<\/h1>\t\t<\/div>\n\t\t\t\t<\/div>\n\t\t\t\t<div class=\"elementor-element elementor-element-6b57e77 elementor-widget elementor-widget-text-editor\" data-id=\"6b57e77\" data-element_type=\"widget\" data-widget_type=\"text-editor.default\">\n\t\t\t\t<div class=\"elementor-widget-container\">\n\t\t\t<style>\/*! elementor - v3.22.0 - 26-06-2024 *\/\n.elementor-widget-text-editor.elementor-drop-cap-view-stacked .elementor-drop-cap{background-color:#69727d;color:#fff}.elementor-widget-text-editor.elementor-drop-cap-view-framed .elementor-drop-cap{color:#69727d;border:3px solid;background-color:transparent}.elementor-widget-text-editor:not(.elementor-drop-cap-view-default) .elementor-drop-cap{margin-top:8px}.elementor-widget-text-editor:not(.elementor-drop-cap-view-default) .elementor-drop-cap-letter{width:1em;height:1em}.elementor-widget-text-editor .elementor-drop-cap{float:left;text-align:center;line-height:1;font-size:50px}.elementor-widget-text-editor .elementor-drop-cap-letter{display:inline-block}<\/style>\t\t\t\t<p>Billie Cup \u00ae s\u2019engage \u00e0 s\u00e9curiser l\u2019acc\u00e8s et l\u2019utilisation de son site et s\u2019efforce de <strong>fournir un contenu aussi pr\u00e9cis que possible<\/strong>. La pr\u00e9sente politique de protection de la vie priv\u00e9e s\u2019applique \u00e0 toute consultation et\/ou utilisation du site et d\u00e9crit comment Billie Cup \u00ae collecte, utilise et stocke les donn\u00e9es \u00e0 caract\u00e8re personnel recueillies de ses clients.<\/p><p>D\u00e9couvrez notre politique de protection de la vie priv\u00e9e en cliquant sur le bouton ci-dessous \u21e9<\/p>\t\t\t\t\t\t<\/div>\n\t\t\t\t<\/div>\n\t\t\t\t\t<\/div>\n\t\t<\/div>\n\t\t\t\t\t<\/div>\n\t\t<\/section>\n\t\t<div class=\"elementor-element elementor-element-fcc9cba e-flex e-con-boxed e-con e-parent\" data-id=\"fcc9cba\" data-element_type=\"container\" data-settings=\"{&quot;background_background&quot;:&quot;classic&quot;}\">\n\t\t\t\t\t<div class=\"e-con-inner\">\n\t\t\t\t<div class=\"elementor-element elementor-element-89b2653 elementor-align-center elementor-widget elementor-widget-button\" data-id=\"89b2653\" data-element_type=\"widget\" data-widget_type=\"button.default\">\n\t\t\t\t<div class=\"elementor-widget-container\">\n\t\t\t\t\t<div class=\"elementor-button-wrapper\">\n\t\t\t<a class=\"elementor-button elementor-button-link elementor-size-sm\" href=\"https:\/\/billiecup.com\/wp-content\/uploads\/2024\/07\/Politique-vie-privee-Billie-Cup-RE-UZ-BELGIUM-2024-FR.pdf\" target=\"_blank\">\n\t\t\t\t\t\t<span class=\"elementor-button-content-wrapper\">\n\t\t\t\t\t\t\t\t\t<span class=\"elementor-button-text\">CGU Billie Cup<\/span>\n\t\t\t\t\t<\/span>\n\t\t\t\t\t<\/a>\n\t\t<\/div>\n\t\t\t\t<\/div>\n\t\t\t\t<\/div>\n\t\t\t\t\t<\/div>\n\t\t\t\t<\/div>\n\t\t\t\t<section class=\"elementor-section elementor-top-section elementor-element elementor-element-f5716be elementor-section-boxed elementor-section-height-default elementor-section-height-default\" data-id=\"f5716be\" data-element_type=\"section\" data-settings=\"{&quot;background_background&quot;:&quot;classic&quot;}\">\n\t\t\t\t\t\t<div class=\"elementor-container elementor-column-gap-default\">\n\t\t\t\t\t<div class=\"elementor-column elementor-col-100 elementor-top-column elementor-element elementor-element-c0e719b\" data-id=\"c0e719b\" data-element_type=\"column\">\n\t\t\t<div class=\"elementor-widget-wrap elementor-element-populated\">\n\t\t\t\t\t\t<div class=\"elementor-element elementor-element-c12e2f5 elementor-widget elementor-widget-spacer\" data-id=\"c12e2f5\" data-element_type=\"widget\" data-widget_type=\"spacer.default\">\n\t\t\t\t<div class=\"elementor-widget-container\">\n\t\t\t\t\t<div class=\"elementor-spacer\">\n\t\t\t<div class=\"elementor-spacer-inner\"><\/div>\n\t\t<\/div>\n\t\t\t\t<\/div>\n\t\t\t\t<\/div>\n\t\t\t\t\t<\/div>\n\t\t<\/div>\n\t\t\t\t\t<\/div>\n\t\t<\/section>\n\t\t\t\t<\/div>\n\t\t","protected":false},"excerpt":{"rendered":"<p>Billie Cup \u00ae : politique de confidentialit\u00e9 Billie Cup \u00ae s\u2019engage \u00e0 s\u00e9curiser l\u2019acc\u00e8s et l\u2019utilisation de son site et s\u2019efforce de fournir un contenu aussi pr\u00e9cis que possible. La pr\u00e9sente politique de protection de la vie priv\u00e9e s\u2019applique \u00e0 toute consultation et\/ou utilisation du site et d\u00e9crit comment Billie Cup \u00ae collecte, utilise et [&hellip;]<\/p>\n","protected":false},"author":1,"featured_media":0,"parent":0,"menu_order":0,"comment_status":"closed","ping_status":"closed","template":"","meta":[],"yoast_head":"<!-- This site is optimized with the Yoast SEO plugin v19.9 - https:\/\/yoast.com\/wordpress\/plugins\/seo\/ -->\n<title>Politique de confidentialit\u00e9 \u2013 Billie Cup<\/title>\n<meta name=\"description\" content=\"D\u00e9couvrez notre politique de confidentialit\u00e9 concernant l\u2019utilisation de vos donn\u00e9es lors de l\u2019achat de gobelets r\u00e9utilisables.\" \/>\n<meta name=\"robots\" content=\"noindex, follow\" \/>\n<meta property=\"og:locale\" content=\"fr_FR\" \/>\n<meta property=\"og:type\" content=\"article\" \/>\n<meta property=\"og:title\" content=\"Politique de confidentialit\u00e9 \u2013 Billie Cup\" \/>\n<meta property=\"og:description\" content=\"D\u00e9couvrez notre politique de confidentialit\u00e9 concernant l\u2019utilisation de vos donn\u00e9es lors de l\u2019achat de gobelets r\u00e9utilisables.\" \/>\n<meta property=\"og:url\" content=\"https:\/\/billiecup.com\/fr\/politique-de-confidentialite\/\" \/>\n<meta property=\"og:site_name\" content=\"BillieCup\" \/>\n<meta property=\"article:modified_time\" content=\"2024-09-25T07:46:34+00:00\" \/>\n<meta name=\"twitter:card\" content=\"summary_large_image\" \/>\n<meta name=\"twitter:label1\" content=\"Dur\u00e9e de lecture estim\u00e9e\" \/>\n\t<meta name=\"twitter:data1\" content=\"1 minute\" \/>\n<script type=\"application\/ld+json\" class=\"yoast-schema-graph\">{\"@context\":\"https:\/\/schema.org\",\"@graph\":[{\"@type\":\"WebPage\",\"@id\":\"https:\/\/billiecup.com\/fr\/politique-de-confidentialite\/\",\"url\":\"https:\/\/billiecup.com\/fr\/politique-de-confidentialite\/\",\"name\":\"Politique de confidentialit\u00e9 \u2013 Billie Cup\",\"isPartOf\":{\"@id\":\"https:\/\/billiecup.com\/fr\/#website\"},\"datePublished\":\"2024-06-28T15:28:49+00:00\",\"dateModified\":\"2024-09-25T07:46:34+00:00\",\"description\":\"D\u00e9couvrez notre politique de confidentialit\u00e9 concernant l\u2019utilisation de vos donn\u00e9es lors de l\u2019achat de gobelets r\u00e9utilisables.\",\"breadcrumb\":{\"@id\":\"https:\/\/billiecup.com\/fr\/politique-de-confidentialite\/#breadcrumb\"},\"inLanguage\":\"fr-FR\",\"potentialAction\":[{\"@type\":\"ReadAction\",\"target\":[\"https:\/\/billiecup.com\/fr\/politique-de-confidentialite\/\"]}]},{\"@type\":\"BreadcrumbList\",\"@id\":\"https:\/\/billiecup.com\/fr\/politique-de-confidentialite\/#breadcrumb\",\"itemListElement\":[{\"@type\":\"ListItem\",\"position\":1,\"name\":\"Home\",\"item\":\"https:\/\/billiecup.com\/fr\/\"},{\"@type\":\"ListItem\",\"position\":2,\"name\":\"Politique de Confidentialit\u00e9\"}]},{\"@type\":\"WebSite\",\"@id\":\"https:\/\/billiecup.com\/fr\/#website\",\"url\":\"https:\/\/billiecup.com\/fr\/\",\"name\":\"BillieCup\",\"description\":\"One cup for all\",\"publisher\":{\"@id\":\"https:\/\/billiecup.com\/fr\/#organization\"},\"potentialAction\":[{\"@type\":\"SearchAction\",\"target\":{\"@type\":\"EntryPoint\",\"urlTemplate\":\"https:\/\/billiecup.com\/fr\/?s={search_term_string}\"},\"query-input\":\"required name=search_term_string\"}],\"inLanguage\":\"fr-FR\"},{\"@type\":\"Organization\",\"@id\":\"https:\/\/billiecup.com\/fr\/#organization\",\"name\":\"Billie Cup\",\"url\":\"https:\/\/billiecup.com\/fr\/\",\"logo\":{\"@type\":\"ImageObject\",\"inLanguage\":\"fr-FR\",\"@id\":\"https:\/\/billiecup.com\/fr\/#\/schema\/logo\/image\/\",\"url\":\"https:\/\/staging.billiecup.com\/wp-content\/uploads\/2022\/01\/favicon-1.png\",\"contentUrl\":\"https:\/\/staging.billiecup.com\/wp-content\/uploads\/2022\/01\/favicon-1.png\",\"width\":512,\"height\":512,\"caption\":\"Billie Cup\"},\"image\":{\"@id\":\"https:\/\/billiecup.com\/fr\/#\/schema\/logo\/image\/\"}}]}<\/script>\n<!-- \/ Yoast SEO plugin. -->","yoast_head_json":{"title":"Politique de confidentialit\u00e9 \u2013 Billie Cup","description":"D\u00e9couvrez notre politique de confidentialit\u00e9 concernant l\u2019utilisation de vos donn\u00e9es lors de l\u2019achat de gobelets r\u00e9utilisables.","robots":{"index":"noindex","follow":"follow"},"og_locale":"fr_FR","og_type":"article","og_title":"Politique de confidentialit\u00e9 \u2013 Billie Cup","og_description":"D\u00e9couvrez notre politique de confidentialit\u00e9 concernant l\u2019utilisation de vos donn\u00e9es lors de l\u2019achat de gobelets r\u00e9utilisables.","og_url":"https:\/\/billiecup.com\/fr\/politique-de-confidentialite\/","og_site_name":"BillieCup","article_modified_time":"2024-09-25T07:46:34+00:00","twitter_card":"summary_large_image","twitter_misc":{"Dur\u00e9e de lecture estim\u00e9e":"1 minute"},"schema":{"@context":"https:\/\/schema.org","@graph":[{"@type":"WebPage","@id":"https:\/\/billiecup.com\/fr\/politique-de-confidentialite\/","url":"https:\/\/billiecup.com\/fr\/politique-de-confidentialite\/","name":"Politique de confidentialit\u00e9 \u2013 Billie Cup","isPartOf":{"@id":"https:\/\/billiecup.com\/fr\/#website"},"datePublished":"2024-06-28T15:28:49+00:00","dateModified":"2024-09-25T07:46:34+00:00","description":"D\u00e9couvrez notre politique de confidentialit\u00e9 concernant l\u2019utilisation de vos donn\u00e9es lors de l\u2019achat de gobelets r\u00e9utilisables.","breadcrumb":{"@id":"https:\/\/billiecup.com\/fr\/politique-de-confidentialite\/#breadcrumb"},"inLanguage":"fr-FR","potentialAction":[{"@type":"ReadAction","target":["https:\/\/billiecup.com\/fr\/politique-de-confidentialite\/"]}]},{"@type":"BreadcrumbList","@id":"https:\/\/billiecup.com\/fr\/politique-de-confidentialite\/#breadcrumb","itemListElement":[{"@type":"ListItem","position":1,"name":"Home","item":"https:\/\/billiecup.com\/fr\/"},{"@type":"ListItem","position":2,"name":"Politique de Confidentialit\u00e9"}]},{"@type":"WebSite","@id":"https:\/\/billiecup.com\/fr\/#website","url":"https:\/\/billiecup.com\/fr\/","name":"BillieCup","description":"One cup for all","publisher":{"@id":"https:\/\/billiecup.com\/fr\/#organization"},"potentialAction":[{"@type":"SearchAction","target":{"@type":"EntryPoint","urlTemplate":"https:\/\/billiecup.com\/fr\/?s={search_term_string}"},"query-input":"required name=search_term_string"}],"inLanguage":"fr-FR"},{"@type":"Organization","@id":"https:\/\/billiecup.com\/fr\/#organization","name":"Billie Cup","url":"https:\/\/billiecup.com\/fr\/","logo":{"@type":"ImageObject","inLanguage":"fr-FR","@id":"https:\/\/billiecup.com\/fr\/#\/schema\/logo\/image\/","url":"https:\/\/staging.billiecup.com\/wp-content\/uploads\/2022\/01\/favicon-1.png","contentUrl":"https:\/\/staging.billiecup.com\/wp-content\/uploads\/2022\/01\/favicon-1.png","width":512,"height":512,"caption":"Billie Cup"},"image":{"@id":"https:\/\/billiecup.com\/fr\/#\/schema\/logo\/image\/"}}]}},"_links":{"self":[{"href":"https:\/\/billiecup.com\/fr\/wp-json\/wp\/v2\/pages\/5056"}],"collection":[{"href":"https:\/\/billiecup.com\/fr\/wp-json\/wp\/v2\/pages"}],"about":[{"href":"https:\/\/billiecup.com\/fr\/wp-json\/wp\/v2\/types\/page"}],"author":[{"embeddable":true,"href":"https:\/\/billiecup.com\/fr\/wp-json\/wp\/v2\/users\/1"}],"replies":[{"embeddable":true,"href":"https:\/\/billiecup.com\/fr\/wp-json\/wp\/v2\/comments?post=5056"}],"version-history":[{"count":32,"href":"https:\/\/billiecup.com\/fr\/wp-json\/wp\/v2\/pages\/5056\/revisions"}],"predecessor-version":[{"id":10549,"href":"https:\/\/billiecup.com\/fr\/wp-json\/wp\/v2\/pages\/5056\/revisions\/10549"}],"wp:attachment":[{"href":"https:\/\/billiecup.com\/fr\/wp-json\/wp\/v2\/media?parent=5056"}],"curies":[{"name":"wp","href":"https:\/\/api.w.org\/{rel}","templated":true}]}}